{"id":9568,"date":"2025-07-09T17:57:48","date_gmt":"2025-07-09T15:57:48","guid":{"rendered":"https:\/\/test.pavechocolats.com\/?post_type=product&#038;p=9568"},"modified":"2025-07-09T18:01:20","modified_gmt":"2025-07-09T16:01:20","slug":"orchidee","status":"publish","type":"product","link":"https:\/\/test.pavechocolats.com\/en\/product\/orchidee\/","title":{"rendered":"Orchid\u00e9e"},"content":{"rendered":"","protected":false},"excerpt":{"rendered":"<p>Superbe vase en c\u00e9ramique design pour harmoniser le d\u00e9cor de votre maison.<\/p>","protected":false},"featured_media":9633,"comment_status":"open","ping_status":"closed","template":"","meta":{"advanced_seo_description":"","jetpack_seo_html_title":"","jetpack_seo_noindex":false},"product_brand":[],"product_cat":[99,74,153,75],"product_tag":[88,83,80,77,76,78,79],"collection":[],"class_list":{"0":"post-9568","1":"product","2":"type-product","3":"status-publish","4":"has-post-thumbnail","6":"product_cat-celebrer-une-naissance","7":"product_cat-coffrets-cadeaux","8":"product_cat-offre-merci-maitresse","9":"product_cat-tous-les-produits","10":"product_tag-cadeau-clinique","11":"product_tag-corporate","12":"product_tag-coupes","13":"product_tag-livraison-24h-casablanca","14":"product_tag-livraison-3h-casablanca","15":"product_tag-livraison-maroc","16":"product_tag-soiree-entre-amis","18":"first","19":"instock","20":"shipping-taxable","21":"purchasable","22":"product-type-simple"},"jetpack_sharing_enabled":true,"_links":{"self":[{"href":"https:\/\/test.pavechocolats.com\/en\/wp-json\/wp\/v2\/product\/9568","targetHints":{"allow":["GET"]}}],"collection":[{"href":"https:\/\/test.pavechocolats.com\/en\/wp-json\/wp\/v2\/product"}],"about":[{"href":"https:\/\/test.pavechocolats.com\/en\/wp-json\/wp\/v2\/types\/product"}],"replies":[{"embeddable":true,"href":"https:\/\/test.pavechocolats.com\/en\/wp-json\/wp\/v2\/comments?post=9568"}],"version-history":[{"count":1,"href":"https:\/\/test.pavechocolats.com\/en\/wp-json\/wp\/v2\/product\/9568\/revisions"}],"predecessor-version":[{"id":9634,"href":"https:\/\/test.pavechocolats.com\/en\/wp-json\/wp\/v2\/product\/9568\/revisions\/9634"}],"wp:featuredmedia":[{"embeddable":true,"href":"https:\/\/test.pavechocolats.com\/en\/wp-json\/wp\/v2\/media\/9633"}],"wp:attachment":[{"href":"https:\/\/test.pavechocolats.com\/en\/wp-json\/wp\/v2\/media?parent=9568"}],"wp:term":[{"taxonomy":"product_brand","embeddable":true,"href":"https:\/\/test.pavechocolats.com\/en\/wp-json\/wp\/v2\/product_brand?post=9568"},{"taxonomy":"product_cat","embeddable":true,"href":"https:\/\/test.pavechocolats.com\/en\/wp-json\/wp\/v2\/product_cat?post=9568"},{"taxonomy":"product_tag","embeddable":true,"href":"https:\/\/test.pavechocolats.com\/en\/wp-json\/wp\/v2\/product_tag?post=9568"},{"taxonomy":"collection","embeddable":true,"href":"https:\/\/test.pavechocolats.com\/en\/wp-json\/wp\/v2\/collection?post=9568"}],"curies":[{"name":"wp","href":"https:\/\/api.w.org\/{rel}","templated":true}]}}