{"id":9567,"date":"2025-07-09T17:57:48","date_gmt":"2025-07-09T15:57:48","guid":{"rendered":"https:\/\/test.pavechocolats.com\/?post_type=product&#038;p=9567"},"modified":"2025-07-09T18:01:17","modified_gmt":"2025-07-09T16:01:17","slug":"havana","status":"publish","type":"product","link":"https:\/\/test.pavechocolats.com\/en\/product\/havana\/","title":{"rendered":"Havana"},"content":{"rendered":"","protected":false},"excerpt":{"rendered":"<p>Magnifique vase en verre ambr\u00e9 \u00e0 relief, le cadeau parfait pour dire Merci \u00e0 la maitresse pr\u00e9f\u00e9r\u00e9e de vos enfants.<\/p>","protected":false},"featured_media":9630,"comment_status":"open","ping_status":"closed","template":"","meta":{"advanced_seo_description":"","jetpack_seo_html_title":"","jetpack_seo_noindex":false},"product_brand":[],"product_cat":[99,153,75],"product_tag":[88,83,80,77,76,78,79],"collection":[],"class_list":{"0":"post-9567","1":"product","2":"type-product","3":"status-publish","4":"has-post-thumbnail","6":"product_cat-celebrer-une-naissance","7":"product_cat-offre-merci-maitresse","8":"product_cat-tous-les-produits","9":"product_tag-cadeau-clinique","10":"product_tag-corporate","11":"product_tag-coupes","12":"product_tag-livraison-24h-casablanca","13":"product_tag-livraison-3h-casablanca","14":"product_tag-livraison-maroc","15":"product_tag-soiree-entre-amis","17":"first","18":"instock","19":"shipping-taxable","20":"purchasable","21":"product-type-simple"},"jetpack_sharing_enabled":true,"_links":{"self":[{"href":"https:\/\/test.pavechocolats.com\/en\/wp-json\/wp\/v2\/product\/9567","targetHints":{"allow":["GET"]}}],"collection":[{"href":"https:\/\/test.pavechocolats.com\/en\/wp-json\/wp\/v2\/product"}],"about":[{"href":"https:\/\/test.pavechocolats.com\/en\/wp-json\/wp\/v2\/types\/product"}],"replies":[{"embeddable":true,"href":"https:\/\/test.pavechocolats.com\/en\/wp-json\/wp\/v2\/comments?post=9567"}],"version-history":[{"count":1,"href":"https:\/\/test.pavechocolats.com\/en\/wp-json\/wp\/v2\/product\/9567\/revisions"}],"predecessor-version":[{"id":9631,"href":"https:\/\/test.pavechocolats.com\/en\/wp-json\/wp\/v2\/product\/9567\/revisions\/9631"}],"wp:featuredmedia":[{"embeddable":true,"href":"https:\/\/test.pavechocolats.com\/en\/wp-json\/wp\/v2\/media\/9630"}],"wp:attachment":[{"href":"https:\/\/test.pavechocolats.com\/en\/wp-json\/wp\/v2\/media?parent=9567"}],"wp:term":[{"taxonomy":"product_brand","embeddable":true,"href":"https:\/\/test.pavechocolats.com\/en\/wp-json\/wp\/v2\/product_brand?post=9567"},{"taxonomy":"product_cat","embeddable":true,"href":"https:\/\/test.pavechocolats.com\/en\/wp-json\/wp\/v2\/product_cat?post=9567"},{"taxonomy":"product_tag","embeddable":true,"href":"https:\/\/test.pavechocolats.com\/en\/wp-json\/wp\/v2\/product_tag?post=9567"},{"taxonomy":"collection","embeddable":true,"href":"https:\/\/test.pavechocolats.com\/en\/wp-json\/wp\/v2\/collection?post=9567"}],"curies":[{"name":"wp","href":"https:\/\/api.w.org\/{rel}","templated":true}]}}