{"id":9566,"date":"2025-07-09T17:57:48","date_gmt":"2025-07-09T15:57:48","guid":{"rendered":"https:\/\/test.pavechocolats.com\/?post_type=product&#038;p=9566"},"modified":"2025-07-09T18:01:10","modified_gmt":"2025-07-09T16:01:10","slug":"saint-louis","status":"publish","type":"product","link":"https:\/\/test.pavechocolats.com\/en\/product\/saint-louis\/","title":{"rendered":"Saint louis"},"content":{"rendered":"","protected":false},"excerpt":{"rendered":"<p>Une tr\u00e8s jolie coupe sur pied en porcelaine alliant \u00e9l\u00e9gance et raffinement.<\/p>","protected":false},"featured_media":9628,"comment_status":"open","ping_status":"closed","template":"","meta":{"advanced_seo_description":"","jetpack_seo_html_title":"","jetpack_seo_noindex":false},"product_brand":[],"product_cat":[74,153,75],"product_tag":[88,80,77,76,78,79],"collection":[],"class_list":{"0":"post-9566","1":"product","2":"type-product","3":"status-publish","4":"has-post-thumbnail","6":"product_cat-coffrets-cadeaux","7":"product_cat-offre-merci-maitresse","8":"product_cat-tous-les-produits","9":"product_tag-cadeau-clinique","10":"product_tag-coupes","11":"product_tag-livraison-24h-casablanca","12":"product_tag-livraison-3h-casablanca","13":"product_tag-livraison-maroc","14":"product_tag-soiree-entre-amis","16":"first","17":"outofstock","18":"shipping-taxable","19":"purchasable","20":"product-type-simple"},"jetpack_sharing_enabled":true,"_links":{"self":[{"href":"https:\/\/test.pavechocolats.com\/en\/wp-json\/wp\/v2\/product\/9566","targetHints":{"allow":["GET"]}}],"collection":[{"href":"https:\/\/test.pavechocolats.com\/en\/wp-json\/wp\/v2\/product"}],"about":[{"href":"https:\/\/test.pavechocolats.com\/en\/wp-json\/wp\/v2\/types\/product"}],"replies":[{"embeddable":true,"href":"https:\/\/test.pavechocolats.com\/en\/wp-json\/wp\/v2\/comments?post=9566"}],"version-history":[{"count":1,"href":"https:\/\/test.pavechocolats.com\/en\/wp-json\/wp\/v2\/product\/9566\/revisions"}],"predecessor-version":[{"id":9629,"href":"https:\/\/test.pavechocolats.com\/en\/wp-json\/wp\/v2\/product\/9566\/revisions\/9629"}],"wp:featuredmedia":[{"embeddable":true,"href":"https:\/\/test.pavechocolats.com\/en\/wp-json\/wp\/v2\/media\/9628"}],"wp:attachment":[{"href":"https:\/\/test.pavechocolats.com\/en\/wp-json\/wp\/v2\/media?parent=9566"}],"wp:term":[{"taxonomy":"product_brand","embeddable":true,"href":"https:\/\/test.pavechocolats.com\/en\/wp-json\/wp\/v2\/product_brand?post=9566"},{"taxonomy":"product_cat","embeddable":true,"href":"https:\/\/test.pavechocolats.com\/en\/wp-json\/wp\/v2\/product_cat?post=9566"},{"taxonomy":"product_tag","embeddable":true,"href":"https:\/\/test.pavechocolats.com\/en\/wp-json\/wp\/v2\/product_tag?post=9566"},{"taxonomy":"collection","embeddable":true,"href":"https:\/\/test.pavechocolats.com\/en\/wp-json\/wp\/v2\/collection?post=9566"}],"curies":[{"name":"wp","href":"https:\/\/api.w.org\/{rel}","templated":true}]}}