{"id":9543,"date":"2025-07-09T17:57:26","date_gmt":"2025-07-09T15:57:26","guid":{"rendered":"https:\/\/test.pavechocolats.com\/?post_type=product&#038;p=9543"},"modified":"2025-07-09T17:59:49","modified_gmt":"2025-07-09T15:59:49","slug":"sharing-1","status":"publish","type":"product","link":"https:\/\/test.pavechocolats.com\/en\/product\/sharing-1\/","title":{"rendered":"Sharing 1"},"content":{"rendered":"","protected":false},"excerpt":{"rendered":"<p>D\u00e9couvrez une s\u00e9lection gourmande compos\u00e9e de : Dattes enrob\u00e9es et fourr\u00e9es et boules d\u2019\u00e9nergie qui offrent une exp\u00e9rience gustative unique et raviront s\u00fbrement les amateurs \u00e0 la recherche de nouvelles\u00a0saveurs. Compositions selon disponibilit\u00e9:* Dattes enrob\u00e9es : Patte D&rsquo;amande, noix caram\u00e9lis\u00e9e, chocolat au lait, ganache vanille, Caramel beurre sal\u00e9, ganache fruits rouges, patte pistache, patte s\u00e9same, Amande grill\u00e9e, ganache pralin\u00e9 etc.* Boules d&rsquo;\u00e9nergies: Patte d&rsquo;amande et patte de datte, ganache trianon, croustinettes de chocolat noir, patte s\u00e9same, amande grill\u00e9e, ganache pralin\u00e9, caramel beurre sal\u00e9, patte pistache, gomme arabique, ganache coco etc.<\/p>\n<p><a href=\"https:\/\/pavechocolats.com\/wp-content\/uploads\/2021\/09\/BAN_L1_Pave\u0301_V3.png\"><img decoding=\"async\" class=\"alignnone wp-image-2889 size-full\" src=\"https:\/\/pavechocolats.com\/wp-content\/uploads\/2021\/09\/BAN_L1_Pave\u0301_V3.png\" alt=\" width=\" height=\"60\" \/><\/a><\/p>\n<p><a href=\"https:\/\/pavechocolats.com\/wp-content\/uploads\/2021\/11\/BAN_Pave\u0301_2.jpg\"><img decoding=\"async\" class=\"alignnone wp-image-2890 size-full\" src=\"https:\/\/pavechocolats.com\/wp-content\/uploads\/2021\/11\/BAN_Pave\u0301_2.jpg\" alt=\" width=\" height=\"60\" \/><\/a><\/p>\n<p><a href=\"https:\/\/pavechocolats.com\/wp-content\/uploads\/2021\/11\/BAN_Pave\u0301_3.png\"><img decoding=\"async\" class=\"alignnone wp-image-2891 size-full\" src=\"https:\/\/pavechocolats.com\/wp-content\/uploads\/2021\/11\/BAN_Pave\u0301_3.png\" alt=\" width=\" height=\"60\" \/><\/a><\/p>","protected":false},"featured_media":9611,"comment_status":"closed","ping_status":"closed","template":"","meta":{"advanced_seo_description":"","jetpack_seo_html_title":"","jetpack_seo_noindex":false},"product_brand":[],"product_cat":[74,82,75],"product_tag":[83,77,76,87,78],"collection":[],"class_list":{"0":"post-9543","1":"product","2":"type-product","3":"status-publish","4":"has-post-thumbnail","6":"product_cat-coffrets-cadeaux","7":"product_cat-special-ramadan","8":"product_cat-tous-les-produits","9":"product_tag-corporate","10":"product_tag-livraison-24h-casablanca","11":"product_tag-livraison-3h-casablanca","12":"product_tag-livraison-internationale","13":"product_tag-livraison-maroc","15":"first","16":"onbackorder","17":"purchasable","18":"product-type-simple"},"jetpack_sharing_enabled":true,"_links":{"self":[{"href":"https:\/\/test.pavechocolats.com\/en\/wp-json\/wp\/v2\/product\/9543","targetHints":{"allow":["GET"]}}],"collection":[{"href":"https:\/\/test.pavechocolats.com\/en\/wp-json\/wp\/v2\/product"}],"about":[{"href":"https:\/\/test.pavechocolats.com\/en\/wp-json\/wp\/v2\/types\/product"}],"replies":[{"embeddable":true,"href":"https:\/\/test.pavechocolats.com\/en\/wp-json\/wp\/v2\/comments?post=9543"}],"version-history":[{"count":1,"href":"https:\/\/test.pavechocolats.com\/en\/wp-json\/wp\/v2\/product\/9543\/revisions"}],"predecessor-version":[{"id":9612,"href":"https:\/\/test.pavechocolats.com\/en\/wp-json\/wp\/v2\/product\/9543\/revisions\/9612"}],"wp:featuredmedia":[{"embeddable":true,"href":"https:\/\/test.pavechocolats.com\/en\/wp-json\/wp\/v2\/media\/9611"}],"wp:attachment":[{"href":"https:\/\/test.pavechocolats.com\/en\/wp-json\/wp\/v2\/media?parent=9543"}],"wp:term":[{"taxonomy":"product_brand","embeddable":true,"href":"https:\/\/test.pavechocolats.com\/en\/wp-json\/wp\/v2\/product_brand?post=9543"},{"taxonomy":"product_cat","embeddable":true,"href":"https:\/\/test.pavechocolats.com\/en\/wp-json\/wp\/v2\/product_cat?post=9543"},{"taxonomy":"product_tag","embeddable":true,"href":"https:\/\/test.pavechocolats.com\/en\/wp-json\/wp\/v2\/product_tag?post=9543"},{"taxonomy":"collection","embeddable":true,"href":"https:\/\/test.pavechocolats.com\/en\/wp-json\/wp\/v2\/collection?post=9543"}],"curies":[{"name":"wp","href":"https:\/\/api.w.org\/{rel}","templated":true}]}}