{"id":9478,"date":"2025-07-09T17:56:20","date_gmt":"2025-07-09T15:56:20","guid":{"rendered":"https:\/\/test.pavechocolats.com\/?post_type=product&#038;p=9478"},"modified":"2025-07-09T17:57:41","modified_gmt":"2025-07-09T15:57:41","slug":"asala-2","status":"publish","type":"product","link":"https:\/\/test.pavechocolats.com\/en\/product\/asala-2\/","title":{"rendered":"Asala 2"},"content":{"rendered":"","protected":false},"excerpt":{"rendered":"<p>Plateau dor\u00e9 royale en miroir combinant chic, harmonie et finesse, arm\u00e9 d&rsquo;une alliance de dattes Medjhoul enrob\u00e9es de chocolats, boules d&rsquo;\u00e9nergie et un assortiment d\u00e9licieux de fakia.<br \/>\nMix Chocolat au Lait et Noir<\/p>\n<p><a href=\"https:\/\/pavechocolats.com\/wp-content\/uploads\/2021\/09\/BAN_L1_Pave\u0301_V3.png\"><img decoding=\"async\" class=\"alignnone wp-image-2889 size-full\" src=\"https:\/\/pavechocolats.com\/wp-content\/uploads\/2021\/09\/BAN_L1_Pave\u0301_V3.png\" alt=\" width=\" height=\"60\" \/><\/a><\/p>\n<p><a href=\"https:\/\/pavechocolats.com\/wp-content\/uploads\/2021\/11\/BAN_Pave\u0301_2.jpg\"><img decoding=\"async\" class=\"alignnone wp-image-2890 size-full\" src=\"https:\/\/pavechocolats.com\/wp-content\/uploads\/2021\/11\/BAN_Pave\u0301_2.jpg\" alt=\" width=\" height=\"60\" \/><\/a><\/p>\n<p><a href=\"https:\/\/pavechocolats.com\/wp-content\/uploads\/2021\/11\/BAN_Pave\u0301_3.png\"><img decoding=\"async\" class=\"alignnone wp-image-2891 size-full\" src=\"&quot;http:\/\/pavechocolat.shareconseil.&lt;\/p\" \/> <\/a><\/p>","protected":false},"featured_media":9558,"comment_status":"closed","ping_status":"closed","template":"","meta":{"advanced_seo_description":"","jetpack_seo_html_title":"","jetpack_seo_noindex":false},"product_brand":[],"product_cat":[82,75],"product_tag":[88,83,84,77,76,87,78,108,79,81],"collection":[],"class_list":{"0":"post-9478","1":"product","2":"type-product","3":"status-publish","4":"has-post-thumbnail","6":"product_cat-special-ramadan","7":"product_cat-tous-les-produits","8":"product_tag-cadeau-clinique","9":"product_tag-corporate","10":"product_tag-incassable","11":"product_tag-livraison-24h-casablanca","12":"product_tag-livraison-3h-casablanca","13":"product_tag-livraison-internationale","14":"product_tag-livraison-maroc","15":"product_tag-plateaux","16":"product_tag-soiree-entre-amis","17":"product_tag-traditionnel-chic","19":"first","20":"instock","21":"purchasable","22":"product-type-simple"},"jetpack_sharing_enabled":true,"_links":{"self":[{"href":"https:\/\/test.pavechocolats.com\/en\/wp-json\/wp\/v2\/product\/9478","targetHints":{"allow":["GET"]}}],"collection":[{"href":"https:\/\/test.pavechocolats.com\/en\/wp-json\/wp\/v2\/product"}],"about":[{"href":"https:\/\/test.pavechocolats.com\/en\/wp-json\/wp\/v2\/types\/product"}],"replies":[{"embeddable":true,"href":"https:\/\/test.pavechocolats.com\/en\/wp-json\/wp\/v2\/comments?post=9478"}],"version-history":[{"count":1,"href":"https:\/\/test.pavechocolats.com\/en\/wp-json\/wp\/v2\/product\/9478\/revisions"}],"predecessor-version":[{"id":9559,"href":"https:\/\/test.pavechocolats.com\/en\/wp-json\/wp\/v2\/product\/9478\/revisions\/9559"}],"wp:featuredmedia":[{"embeddable":true,"href":"https:\/\/test.pavechocolats.com\/en\/wp-json\/wp\/v2\/media\/9558"}],"wp:attachment":[{"href":"https:\/\/test.pavechocolats.com\/en\/wp-json\/wp\/v2\/media?parent=9478"}],"wp:term":[{"taxonomy":"product_brand","embeddable":true,"href":"https:\/\/test.pavechocolats.com\/en\/wp-json\/wp\/v2\/product_brand?post=9478"},{"taxonomy":"product_cat","embeddable":true,"href":"https:\/\/test.pavechocolats.com\/en\/wp-json\/wp\/v2\/product_cat?post=9478"},{"taxonomy":"product_tag","embeddable":true,"href":"https:\/\/test.pavechocolats.com\/en\/wp-json\/wp\/v2\/product_tag?post=9478"},{"taxonomy":"collection","embeddable":true,"href":"https:\/\/test.pavechocolats.com\/en\/wp-json\/wp\/v2\/collection?post=9478"}],"curies":[{"name":"wp","href":"https:\/\/api.w.org\/{rel}","templated":true}]}}