{"id":9298,"date":"2025-07-09T17:53:20","date_gmt":"2025-07-09T15:53:20","guid":{"rendered":"https:\/\/test.pavechocolats.com\/?post_type=product&#038;p=9298"},"modified":"2025-07-09T17:53:38","modified_gmt":"2025-07-09T15:53:38","slug":"nymphea","status":"publish","type":"product","link":"https:\/\/test.pavechocolats.com\/en\/product\/nymphea\/","title":{"rendered":"Nymph\u00e9a"},"content":{"rendered":"","protected":false},"excerpt":{"rendered":"<p>Tr\u00e8s chic vase en c\u00e9ramique effet matt, garni d&rsquo;une s\u00e9lection vari\u00e9e de chocolats<br \/>\nMix Chocolat au Lait et Noir<\/p>\n<p><a href=\"https:\/\/pavechocolats.com\/wp-content\/uploads\/2021\/09\/BAN_L1_Pave\u0301_V3.png\"><img decoding=\"async\" class=\"alignnone wp-image-2889 size-full\" src=\"https:\/\/pavechocolats.com\/wp-content\/uploads\/2021\/09\/BAN_L1_Pave\u0301_V3.png\" alt=\" width=\" height=\"60\" \/><\/a><\/p>\n<p><a href=\"https:\/\/pavechocolats.com\/wp-content\/uploads\/2021\/11\/BAN_Pave\u0301_2.jpg\"><img decoding=\"async\" class=\"alignnone wp-image-2890 size-full\" src=\"https:\/\/pavechocolats.com\/wp-content\/uploads\/2021\/11\/BAN_Pave\u0301_2.jpg\" alt=\" width=\" height=\"60\" \/><\/a><\/p>\n<p><a href=\"https:\/\/pavechocolats.com\/wp-content\/uploads\/2021\/11\/BAN_Pave\u0301_3.png\"><img decoding=\"async\" class=\"alignnone wp-image-2891 size-full\" src=\"https:\/\/pavechocolats.com\/wp-content\/uploads\/2021\/11\/BAN_Pave\u0301_3.png\" alt=\" width=\" height=\"60\" \/><\/a><\/p>","protected":false},"featured_media":9324,"comment_status":"closed","ping_status":"closed","template":"","meta":{"advanced_seo_description":"","jetpack_seo_html_title":"","jetpack_seo_noindex":false},"product_brand":[],"product_cat":[74,75],"product_tag":[88,83,80,77,76,87,78,79],"collection":[],"class_list":{"0":"post-9298","1":"product","2":"type-product","3":"status-publish","4":"has-post-thumbnail","6":"product_cat-coffrets-cadeaux","7":"product_cat-tous-les-produits","8":"product_tag-cadeau-clinique","9":"product_tag-corporate","10":"product_tag-coupes","11":"product_tag-livraison-24h-casablanca","12":"product_tag-livraison-3h-casablanca","13":"product_tag-livraison-internationale","14":"product_tag-livraison-maroc","15":"product_tag-soiree-entre-amis","17":"first","18":"instock","19":"purchasable","20":"product-type-simple"},"jetpack_sharing_enabled":true,"_links":{"self":[{"href":"https:\/\/test.pavechocolats.com\/en\/wp-json\/wp\/v2\/product\/9298","targetHints":{"allow":["GET"]}}],"collection":[{"href":"https:\/\/test.pavechocolats.com\/en\/wp-json\/wp\/v2\/product"}],"about":[{"href":"https:\/\/test.pavechocolats.com\/en\/wp-json\/wp\/v2\/types\/product"}],"replies":[{"embeddable":true,"href":"https:\/\/test.pavechocolats.com\/en\/wp-json\/wp\/v2\/comments?post=9298"}],"version-history":[{"count":1,"href":"https:\/\/test.pavechocolats.com\/en\/wp-json\/wp\/v2\/product\/9298\/revisions"}],"predecessor-version":[{"id":9325,"href":"https:\/\/test.pavechocolats.com\/en\/wp-json\/wp\/v2\/product\/9298\/revisions\/9325"}],"wp:featuredmedia":[{"embeddable":true,"href":"https:\/\/test.pavechocolats.com\/en\/wp-json\/wp\/v2\/media\/9324"}],"wp:attachment":[{"href":"https:\/\/test.pavechocolats.com\/en\/wp-json\/wp\/v2\/media?parent=9298"}],"wp:term":[{"taxonomy":"product_brand","embeddable":true,"href":"https:\/\/test.pavechocolats.com\/en\/wp-json\/wp\/v2\/product_brand?post=9298"},{"taxonomy":"product_cat","embeddable":true,"href":"https:\/\/test.pavechocolats.com\/en\/wp-json\/wp\/v2\/product_cat?post=9298"},{"taxonomy":"product_tag","embeddable":true,"href":"https:\/\/test.pavechocolats.com\/en\/wp-json\/wp\/v2\/product_tag?post=9298"},{"taxonomy":"collection","embeddable":true,"href":"https:\/\/test.pavechocolats.com\/en\/wp-json\/wp\/v2\/collection?post=9298"}],"curies":[{"name":"wp","href":"https:\/\/api.w.org\/{rel}","templated":true}]}}