{"id":8999,"date":"2025-07-09T17:47:56","date_gmt":"2025-07-09T15:47:56","guid":{"rendered":"https:\/\/test.pavechocolats.com\/?post_type=product&#038;p=8999"},"modified":"2025-07-09T17:48:33","modified_gmt":"2025-07-09T15:48:33","slug":"ballotin-500-gr","status":"publish","type":"product","link":"https:\/\/test.pavechocolats.com\/en\/product\/ballotin-500-gr\/","title":{"rendered":"Ballotin 500 Gr"},"content":{"rendered":"","protected":false},"excerpt":{"rendered":"<p>Sublime assortiment de nos chocolats, l&rsquo;occasion de d\u00e9couvrir une large gamme de saveurs diff\u00e9rentes (Pralin\u00e9, Nougatine, amande, Pistache, Gianduja&#8230;) selon les tailles des coffrets.<\/p>\n<p><a href=\"https:\/\/pavechocolats.com\/wp-content\/uploads\/2021\/09\/BAN_L1_Pave\u0301_V3.png\"><img decoding=\"async\" class=\"alignnone wp-image-2889 size-full\" src=\"https:\/\/pavechocolats.com\/wp-content\/uploads\/2021\/09\/BAN_L1_Pave\u0301_V3.png\" alt=\" width=\" height=\"60\" \/><\/a><\/p>\n<p><a href=\"https:\/\/pavechocolats.com\/wp-content\/uploads\/2021\/11\/BAN_Pave\u0301_2.jpg\"><img decoding=\"async\" class=\"alignnone wp-image-2890 size-full\" src=\"https:\/\/pavechocolats.com\/wp-content\/uploads\/2021\/11\/BAN_Pave\u0301_2.jpg\" alt=\" width=\" height=\"60\" \/><\/a><\/p>\n<p><a href=\"https:\/\/pavechocolats.com\/wp-content\/uploads\/2021\/11\/BAN_Pave\u0301_3.png\"><img decoding=\"async\" class=\"alignnone wp-image-2891 size-full\" src=\"https:\/\/pavechocolats.com\/wp-content\/uploads\/2021\/11\/BAN_Pave\u0301_3.png\" alt=\" width=\" height=\"60\" \/><\/a><\/p>","protected":false},"featured_media":9036,"comment_status":"closed","ping_status":"closed","template":"","meta":{"advanced_seo_description":"","jetpack_seo_html_title":"","jetpack_seo_noindex":false},"product_brand":[],"product_cat":[86,74,75],"product_tag":[89,88,83,84,77,76,87,78,79],"collection":[],"class_list":{"0":"post-8999","1":"product","2":"type-product","3":"status-publish","4":"has-post-thumbnail","6":"product_cat-ballotins","7":"product_cat-coffrets-cadeaux","8":"product_cat-tous-les-produits","9":"product_tag-boite","10":"product_tag-cadeau-clinique","11":"product_tag-corporate","12":"product_tag-incassable","13":"product_tag-livraison-24h-casablanca","14":"product_tag-livraison-3h-casablanca","15":"product_tag-livraison-internationale","16":"product_tag-livraison-maroc","17":"product_tag-soiree-entre-amis","19":"first","20":"instock","21":"purchasable","22":"product-type-simple"},"jetpack_sharing_enabled":true,"_links":{"self":[{"href":"https:\/\/test.pavechocolats.com\/en\/wp-json\/wp\/v2\/product\/8999","targetHints":{"allow":["GET"]}}],"collection":[{"href":"https:\/\/test.pavechocolats.com\/en\/wp-json\/wp\/v2\/product"}],"about":[{"href":"https:\/\/test.pavechocolats.com\/en\/wp-json\/wp\/v2\/types\/product"}],"replies":[{"embeddable":true,"href":"https:\/\/test.pavechocolats.com\/en\/wp-json\/wp\/v2\/comments?post=8999"}],"version-history":[{"count":1,"href":"https:\/\/test.pavechocolats.com\/en\/wp-json\/wp\/v2\/product\/8999\/revisions"}],"predecessor-version":[{"id":9037,"href":"https:\/\/test.pavechocolats.com\/en\/wp-json\/wp\/v2\/product\/8999\/revisions\/9037"}],"wp:featuredmedia":[{"embeddable":true,"href":"https:\/\/test.pavechocolats.com\/en\/wp-json\/wp\/v2\/media\/9036"}],"wp:attachment":[{"href":"https:\/\/test.pavechocolats.com\/en\/wp-json\/wp\/v2\/media?parent=8999"}],"wp:term":[{"taxonomy":"product_brand","embeddable":true,"href":"https:\/\/test.pavechocolats.com\/en\/wp-json\/wp\/v2\/product_brand?post=8999"},{"taxonomy":"product_cat","embeddable":true,"href":"https:\/\/test.pavechocolats.com\/en\/wp-json\/wp\/v2\/product_cat?post=8999"},{"taxonomy":"product_tag","embeddable":true,"href":"https:\/\/test.pavechocolats.com\/en\/wp-json\/wp\/v2\/product_tag?post=8999"},{"taxonomy":"collection","embeddable":true,"href":"https:\/\/test.pavechocolats.com\/en\/wp-json\/wp\/v2\/collection?post=8999"}],"curies":[{"name":"wp","href":"https:\/\/api.w.org\/{rel}","templated":true}]}}