{"id":8989,"date":"2025-07-09T17:47:55","date_gmt":"2025-07-09T15:47:55","guid":{"rendered":"https:\/\/test.pavechocolats.com\/?post_type=product&#038;p=8989"},"modified":"2025-07-09T17:48:02","modified_gmt":"2025-07-09T15:48:02","slug":"alhambra-1","status":"publish","type":"product","link":"https:\/\/test.pavechocolats.com\/en\/product\/alhambra-1\/","title":{"rendered":"Alhambra 1"},"content":{"rendered":"","protected":false},"excerpt":{"rendered":"<p>Sublime bonbonni\u00e8re en verre ambr\u00e9, garnie d&rsquo;une somptueuse s\u00e9lection de chocolats<br \/>\nMix Chocolat au Lait et Noir <\/p>\n<p><a href=\"https:\/\/pavechocolats.com\/wp-content\/uploads\/2021\/09\/BAN_L1_Pave\u0301_V3.png\"><img decoding=\"async\" class=\"alignnone wp-image-2889 size-full\" src=\"https:\/\/pavechocolats.com\/wp-content\/uploads\/2021\/09\/BAN_L1_Pave\u0301_V3.png\" alt=\" width=\" height=\"60\" \/><\/a><\/p>\n<p><a href=\"https:\/\/pavechocolats.com\/wp-content\/uploads\/2021\/11\/BAN_Pave\u0301_2.jpg\"><img decoding=\"async\" class=\"alignnone wp-image-2890 size-full\" src=\"https:\/\/pavechocolats.com\/wp-content\/uploads\/2021\/11\/BAN_Pave\u0301_2.jpg\" alt=\" width=\" height=\"60\" \/><\/a><\/p>\n<p><a href=\"https:\/\/pavechocolats.com\/wp-content\/uploads\/2021\/11\/BAN_Pave\u0301_3.png\"><img decoding=\"async\" class=\"alignnone wp-image-2891 size-full\" src=\"https:\/\/pavechocolats.com\/wp-content\/uploads\/2021\/11\/BAN_Pave\u0301_3.png\" alt=\" width=\" height=\"60\" \/><\/a><\/p>","protected":false},"featured_media":9000,"comment_status":"closed","ping_status":"closed","template":"","meta":{"advanced_seo_description":"","jetpack_seo_html_title":"","jetpack_seo_noindex":false},"product_brand":[],"product_cat":[74,75],"product_tag":[80,77,76,78,79,81],"collection":[],"class_list":{"0":"post-8989","1":"product","2":"type-product","3":"status-publish","4":"has-post-thumbnail","6":"product_cat-coffrets-cadeaux","7":"product_cat-tous-les-produits","8":"product_tag-coupes","9":"product_tag-livraison-24h-casablanca","10":"product_tag-livraison-3h-casablanca","11":"product_tag-livraison-maroc","12":"product_tag-soiree-entre-amis","13":"product_tag-traditionnel-chic","15":"first","16":"instock","17":"purchasable","18":"product-type-simple"},"jetpack_sharing_enabled":true,"_links":{"self":[{"href":"https:\/\/test.pavechocolats.com\/en\/wp-json\/wp\/v2\/product\/8989","targetHints":{"allow":["GET"]}}],"collection":[{"href":"https:\/\/test.pavechocolats.com\/en\/wp-json\/wp\/v2\/product"}],"about":[{"href":"https:\/\/test.pavechocolats.com\/en\/wp-json\/wp\/v2\/types\/product"}],"replies":[{"embeddable":true,"href":"https:\/\/test.pavechocolats.com\/en\/wp-json\/wp\/v2\/comments?post=8989"}],"version-history":[{"count":1,"href":"https:\/\/test.pavechocolats.com\/en\/wp-json\/wp\/v2\/product\/8989\/revisions"}],"predecessor-version":[{"id":9001,"href":"https:\/\/test.pavechocolats.com\/en\/wp-json\/wp\/v2\/product\/8989\/revisions\/9001"}],"wp:featuredmedia":[{"embeddable":true,"href":"https:\/\/test.pavechocolats.com\/en\/wp-json\/wp\/v2\/media\/9000"}],"wp:attachment":[{"href":"https:\/\/test.pavechocolats.com\/en\/wp-json\/wp\/v2\/media?parent=8989"}],"wp:term":[{"taxonomy":"product_brand","embeddable":true,"href":"https:\/\/test.pavechocolats.com\/en\/wp-json\/wp\/v2\/product_brand?post=8989"},{"taxonomy":"product_cat","embeddable":true,"href":"https:\/\/test.pavechocolats.com\/en\/wp-json\/wp\/v2\/product_cat?post=8989"},{"taxonomy":"product_tag","embeddable":true,"href":"https:\/\/test.pavechocolats.com\/en\/wp-json\/wp\/v2\/product_tag?post=8989"},{"taxonomy":"collection","embeddable":true,"href":"https:\/\/test.pavechocolats.com\/en\/wp-json\/wp\/v2\/collection?post=8989"}],"curies":[{"name":"wp","href":"https:\/\/api.w.org\/{rel}","templated":true}]}}